{"id":780,"date":"2018-09-28T18:02:23","date_gmt":"2018-09-28T18:02:23","guid":{"rendered":"https:\/\/avenirhearing.ca\/centre-avenir-centre\/"},"modified":"2018-11-07T21:46:22","modified_gmt":"2018-11-07T21:46:22","slug":"centre-avenir-centre","status":"publish","type":"page","link":"https:\/\/avenirhearing.ca\/fr\/centre-avenir-centre\/","title":{"rendered":"Le Centre AVENIR"},"content":{"rendered":"<p><div class=\"fusion-fullwidth fullwidth-box fusion-builder-row-1 fusion-parallax-none locations-top-banner page-header nonhundred-percent-fullwidth non-hundred-percent-height-scrolling\" style=\"--awb-border-radius-top-left:0px;--awb-border-radius-top-right:0px;--awb-border-radius-bottom-right:0px;--awb-border-radius-bottom-left:0px;--awb-background-image:url(&quot;https:\/\/avenirhearing.ca\/wp-content\/uploads\/2018\/09\/Mockup_4-2.jpg&quot;);--awb-background-size:cover;--awb-flex-wrap:wrap;\" ><div class=\"fusion-builder-row fusion-row\"><div class=\"fusion-layout-column fusion_builder_column fusion-builder-column-0 fusion_builder_column_1_1 1_1 fusion-one-full fusion-column-first fusion-column-last\" style=\"--awb-bg-size:cover;\"><div class=\"fusion-column-wrapper fusion-flex-column-wrapper-legacy\"><div class=\"fusion-title title fusion-title-1 fusion-sep-none fusion-title-center fusion-title-text fusion-title-size-one extra-bold-heading\" style=\"--awb-margin-top:10px;\"><h1 class=\"fusion-title-heading title-heading-center\" style=\"margin:0;\">Centre AVENIR Centre<\/h1><\/div><div class=\"fusion-clearfix\"><\/div><\/div><\/div><\/div><\/div><div class=\"fusion-fullwidth fullwidth-box fusion-builder-row-2 nonhundred-percent-fullwidth non-hundred-percent-height-scrolling\" style=\"--awb-border-radius-top-left:0px;--awb-border-radius-top-right:0px;--awb-border-radius-bottom-right:0px;--awb-border-radius-bottom-left:0px;--awb-padding-top:70px;--awb-padding-bottom:40px;--awb-margin-bottom:50px;--awb-background-color:#f26752;--awb-flex-wrap:wrap;\" ><div class=\"fusion-builder-row fusion-row\"><div class=\"fusion-layout-column fusion_builder_column fusion-builder-column-1 fusion_builder_column_1_1 1_1 fusion-one-full fusion-column-first fusion-column-last\" style=\"--awb-bg-size:cover;--awb-margin-bottom:0px;\"><div class=\"fusion-column-wrapper fusion-flex-column-wrapper-legacy\"><div class=\"fusion-text fusion-text-1\"><h3 style=\"text-align: center; color: #ffffff;\"><b>Officiel: Audiologie Avenir Hearing a obtenu les droits de d\u00e9nomination pour le nouveau centre d&#8217;\u00e9v\u00e9nements du Grand Moncton<\/b><\/h3>\n<\/div><div class=\"fusion-clearfix\"><\/div><\/div><\/div><\/div><\/div><div class=\"fusion-fullwidth fullwidth-box fusion-builder-row-3 nonhundred-percent-fullwidth non-hundred-percent-height-scrolling\" style=\"--awb-border-radius-top-left:0px;--awb-border-radius-top-right:0px;--awb-border-radius-bottom-right:0px;--awb-border-radius-bottom-left:0px;--awb-flex-wrap:wrap;\" ><div class=\"fusion-builder-row fusion-row\"><div class=\"fusion-layout-column fusion_builder_column fusion-builder-column-2 fusion_builder_column_1_4 1_4 fusion-one-fourth fusion-column-first\" style=\"--awb-bg-size:cover;width:25%;width:calc(25% - ( ( 4% ) * 0.25 ) );margin-right: 4%;\"><div class=\"fusion-column-wrapper fusion-flex-column-wrapper-legacy\"><div class=\"fusion-image-element fusion-image-align-center in-legacy-container\" style=\"text-align:center;--awb-caption-title-font-family:var(--h2_typography-font-family);--awb-caption-title-font-weight:var(--h2_typography-font-weight);--awb-caption-title-font-style:var(--h2_typography-font-style);--awb-caption-title-size:var(--h2_typography-font-size);--awb-caption-title-transform:var(--h2_typography-text-transform);--awb-caption-title-line-height:var(--h2_typography-line-height);--awb-caption-title-letter-spacing:var(--h2_typography-letter-spacing);\"><div class=\"imageframe-align-center\"><span class=\" fusion-imageframe imageframe-none imageframe-1 hover-type-none\"><img decoding=\"async\" width=\"1024\" height=\"683\" title=\"41437022_2057199611010671_8049108242753650688_o\" src=\"https:\/\/avenirhearing.ca\/wp-content\/uploads\/2018\/09\/41437022_2057199611010671_8049108242753650688_o-1024x683.jpg\" alt class=\"img-responsive wp-image-1464\" srcset=\"https:\/\/avenirhearing.ca\/wp-content\/uploads\/2018\/09\/41437022_2057199611010671_8049108242753650688_o-200x133.jpg 200w, https:\/\/avenirhearing.ca\/wp-content\/uploads\/2018\/09\/41437022_2057199611010671_8049108242753650688_o-400x267.jpg 400w, https:\/\/avenirhearing.ca\/wp-content\/uploads\/2018\/09\/41437022_2057199611010671_8049108242753650688_o-600x400.jpg 600w, https:\/\/avenirhearing.ca\/wp-content\/uploads\/2018\/09\/41437022_2057199611010671_8049108242753650688_o-800x533.jpg 800w, https:\/\/avenirhearing.ca\/wp-content\/uploads\/2018\/09\/41437022_2057199611010671_8049108242753650688_o.jpg 1200w\" sizes=\"(max-width: 800px) 100vw, 400px\" \/><\/span><\/div><\/div><div class=\"fusion-clearfix\"><\/div><\/div><\/div><div class=\"fusion-layout-column fusion_builder_column fusion-builder-column-3 fusion_builder_column_3_4 3_4 fusion-three-fourth fusion-column-last\" style=\"--awb-bg-size:cover;width:75%;width:calc(75% - ( ( 4% ) * 0.75 ) );\"><div class=\"fusion-column-wrapper fusion-flex-column-wrapper-legacy\"><div class=\"fusion-text fusion-text-2\"><p>Notre \u00e9quipe chez Avenir croyait que nous avions un r\u00f4le \u00e0 jouer dans la sensibilisation du public \u00e0 la perte auditive, \u00e0 la protection auditive et \u00e0 ce qui peut \u00eatre fait pour am\u00e9liorer la sant\u00e9 auditive.<\/p>\n<p>En g\u00e9n\u00e9ral, nous pensons que notre industrie a mal \u00e9duqu\u00e9 le public sur l\u2019importance de la sant\u00e9 auditive et sur ce qui peut \u00eatre fait pour aider \u00e0 pr\u00e9venir la perte d\u2019audition.<\/p>\n<p>Ce partenariat nous offre une merveilleuse opportunit\u00e9 de sensibiliser le public et nous sommes tr\u00e8s enthousiastes pour ce que le futur apportera!<\/p>\n<\/div><div class=\"fusion-clearfix\"><\/div><\/div><\/div><\/div><\/div><div class=\"fusion-fullwidth fullwidth-box fusion-builder-row-4 nonhundred-percent-fullwidth non-hundred-percent-height-scrolling\" style=\"--awb-border-radius-top-left:0px;--awb-border-radius-top-right:0px;--awb-border-radius-bottom-right:0px;--awb-border-radius-bottom-left:0px;--awb-flex-wrap:wrap;\" ><div class=\"fusion-builder-row fusion-row\"><div class=\"fusion-layout-column fusion_builder_column fusion-builder-column-4 fusion_builder_column_1_1 1_1 fusion-one-full fusion-column-first fusion-column-last\" style=\"--awb-bg-size:cover;\"><div class=\"fusion-column-wrapper fusion-flex-column-wrapper-legacy\"><div class=\"fusion-sep-clear\"><\/div><div class=\"fusion-separator fusion-full-width-sep\" style=\"margin-left: auto;margin-right: auto;width:100%;\"><\/div><div class=\"fusion-sep-clear\"><\/div><div class=\"fusion-clearfix\"><\/div><\/div><\/div><\/div><\/div><div class=\"fusion-fullwidth fullwidth-box fusion-builder-row-5 nonhundred-percent-fullwidth non-hundred-percent-height-scrolling\" style=\"--awb-border-radius-top-left:0px;--awb-border-radius-top-right:0px;--awb-border-radius-bottom-right:0px;--awb-border-radius-bottom-left:0px;--awb-flex-wrap:wrap;\" ><div class=\"fusion-builder-row fusion-row\"><div class=\"fusion-layout-column fusion_builder_column fusion-builder-column-5 fusion_builder_column_2_3 2_3 fusion-two-third fusion-column-first\" style=\"--awb-bg-size:cover;width:66.666666666667%;width:calc(66.666666666667% - ( ( 4% ) * 0.66666666666667 ) );margin-right: 4%;\"><div class=\"fusion-column-wrapper fusion-flex-column-wrapper-legacy\"><div class=\"fusion-text fusion-text-3\"><h3 style=\"text-align: left;\"><span style=\"font-weight: 400;\"><strong>Le Centre des \u00e9v\u00e9nements de Moncton est maintenant connu sous le nom de Centre Avenir Centre.<\/strong><\/span><\/h3>\n<p>Chez Avenir, nous croyons qu&#8217;il faut toujours aller au-del\u00e0 de l\u2019ordinaire pour aider nos patients et notre communaut\u00e9 C\u2019est la raison pour laquelle nous avons reconnu les droits de d\u00e9nomination du centre comme \u00e9tant ce qu\u2019il \u00e9tait r\u00e9ellement: une occasion unique de participer \u00e0 la croissance et au succ\u00e8s continus du Nouveau-Brunswick.<\/p>\n<p>Beaucoup pourraient penser qu&#8217;il est contre-intuitif pour une clinique d&#8217;audiologie d\u2019\u00eatre commanditaire d\u2019un centre de cette taille, mais nous voyons le potentiel d&#8217;\u00e9duquer notre r\u00e9gion sur l&#8217;importance de la sant\u00e9 auditive et de promouvoir la pr\u00e9vention. \u00c0 cette fin, nous distribuerons des bouchons d&#8217;oreilles gratuits sur place lors de tous les \u00e9v\u00e9nements, afin que les gens puissent profiter de spectacles et d&#8217;\u00e9v\u00e9nements tout en prot\u00e9geant leur audition.<\/p>\n<\/div><div class=\"fusion-clearfix\"><\/div><\/div><\/div><div class=\"fusion-layout-column fusion_builder_column fusion-builder-column-6 fusion_builder_column_1_3 1_3 fusion-one-third fusion-column-last\" style=\"--awb-bg-size:cover;width:33.333333333333%;width:calc(33.333333333333% - ( ( 4% ) * 0.33333333333333 ) );\"><div class=\"fusion-column-wrapper fusion-flex-column-wrapper-legacy\"><div class=\"fusion-image-element in-legacy-container\" style=\"--awb-caption-title-font-family:var(--h2_typography-font-family);--awb-caption-title-font-weight:var(--h2_typography-font-weight);--awb-caption-title-font-style:var(--h2_typography-font-style);--awb-caption-title-size:var(--h2_typography-font-size);--awb-caption-title-transform:var(--h2_typography-text-transform);--awb-caption-title-line-height:var(--h2_typography-line-height);--awb-caption-title-letter-spacing:var(--h2_typography-letter-spacing);\"><span class=\" fusion-imageframe imageframe-none imageframe-2 hover-type-none\"><img decoding=\"async\" width=\"775\" height=\"831\" title=\"Image 2018-09-28 at 3.48 PM\" src=\"https:\/\/avenirhearing.ca\/wp-content\/uploads\/2018\/09\/Image-2018-09-28-at-3.48-PM.jpg\" alt class=\"img-responsive wp-image-1463\" srcset=\"https:\/\/avenirhearing.ca\/wp-content\/uploads\/2018\/09\/Image-2018-09-28-at-3.48-PM-200x214.jpg 200w, https:\/\/avenirhearing.ca\/wp-content\/uploads\/2018\/09\/Image-2018-09-28-at-3.48-PM-400x429.jpg 400w, https:\/\/avenirhearing.ca\/wp-content\/uploads\/2018\/09\/Image-2018-09-28-at-3.48-PM-600x643.jpg 600w, https:\/\/avenirhearing.ca\/wp-content\/uploads\/2018\/09\/Image-2018-09-28-at-3.48-PM.jpg 775w\" sizes=\"(max-width: 800px) 100vw, 600px\" \/><\/span><\/div><div class=\"fusion-clearfix\"><\/div><\/div><\/div><\/div><\/div><\/p>\n","protected":false},"excerpt":{"rendered":"","protected":false},"author":1,"featured_media":0,"parent":0,"menu_order":0,"comment_status":"closed","ping_status":"closed","template":"100-width.php","meta":{"content-type":"","om_disable_all_campaigns":false,"_monsterinsights_skip_tracking":false,"_monsterinsights_sitenote_active":false,"_monsterinsights_sitenote_note":"","_monsterinsights_sitenote_category":0,"_uf_show_specific_survey":0,"_uf_disable_surveys":false,"footnotes":""},"class_list":["post-780","page","type-page","status-publish","hentry"],"aioseo_notices":[],"_links":{"self":[{"href":"https:\/\/avenirhearing.ca\/fr\/wp-json\/wp\/v2\/pages\/780","targetHints":{"allow":["GET"]}}],"collection":[{"href":"https:\/\/avenirhearing.ca\/fr\/wp-json\/wp\/v2\/pages"}],"about":[{"href":"https:\/\/avenirhearing.ca\/fr\/wp-json\/wp\/v2\/types\/page"}],"author":[{"embeddable":true,"href":"https:\/\/avenirhearing.ca\/fr\/wp-json\/wp\/v2\/users\/1"}],"replies":[{"embeddable":true,"href":"https:\/\/avenirhearing.ca\/fr\/wp-json\/wp\/v2\/comments?post=780"}],"version-history":[{"count":3,"href":"https:\/\/avenirhearing.ca\/fr\/wp-json\/wp\/v2\/pages\/780\/revisions"}],"predecessor-version":[{"id":1018,"href":"https:\/\/avenirhearing.ca\/fr\/wp-json\/wp\/v2\/pages\/780\/revisions\/1018"}],"wp:attachment":[{"href":"https:\/\/avenirhearing.ca\/fr\/wp-json\/wp\/v2\/media?parent=780"}],"curies":[{"name":"wp","href":"https:\/\/api.w.org\/{rel}","templated":true}]}}