{"id":605,"date":"2018-09-25T13:50:41","date_gmt":"2018-09-25T13:50:41","guid":{"rendered":"https:\/\/avenirhearing.ca\/?page_id=605"},"modified":"2018-11-07T21:11:23","modified_gmt":"2018-11-07T21:11:23","slug":"services","status":"publish","type":"page","link":"https:\/\/avenirhearing.ca\/fr\/services\/","title":{"rendered":"SERVICES"},"content":{"rendered":"<p><div class=\"fusion-fullwidth fullwidth-box fusion-builder-row-1 fusion-parallax-none page-header nonhundred-percent-fullwidth non-hundred-percent-height-scrolling\" style=\"--awb-border-radius-top-left:0px;--awb-border-radius-top-right:0px;--awb-border-radius-bottom-right:0px;--awb-border-radius-bottom-left:0px;--awb-background-image:url(&quot;https:\/\/avenirhearing.ca\/wp-content\/uploads\/2018\/10\/avenir-services-1024x560.jpg&quot;);--awb-background-size:cover;--awb-flex-wrap:wrap;\" ><div class=\"fusion-builder-row fusion-row\"><div class=\"fusion-layout-column fusion_builder_column fusion-builder-column-0 fusion_builder_column_1_1 1_1 fusion-one-full fusion-column-first fusion-column-last\" style=\"--awb-bg-size:cover;\"><div class=\"fusion-column-wrapper fusion-flex-column-wrapper-legacy\"><div class=\"fusion-title title fusion-title-1 fusion-sep-none fusion-title-center fusion-title-text fusion-title-size-two\" style=\"--awb-margin-bottom:15px;\"><h2 class=\"fusion-title-heading title-heading-center\" style=\"margin:0;\">Types et technologies<\/h2><\/div><div class=\"fusion-title title fusion-title-2 fusion-sep-none fusion-title-center fusion-title-text fusion-title-size-four\" style=\"--awb-margin-bottom:0px;\"><h4 class=\"fusion-title-heading title-heading-center\" style=\"margin:0;\">Les audiologistes chez Audiologie Avenir vous aideront \u00e0 choisir les appareils auditifs qui conviennent le mieux \u00e0 votre style de vie et \u00e0 votre budget.<\/h4><\/div><div class=\"fusion-clearfix\"><\/div><\/div><\/div><\/div><\/div><div class=\"fusion-fullwidth fullwidth-box fusion-builder-row-2 tech-1st-cont nonhundred-percent-fullwidth non-hundred-percent-height-scrolling\" style=\"--awb-border-radius-top-left:0px;--awb-border-radius-top-right:0px;--awb-border-radius-bottom-right:0px;--awb-border-radius-bottom-left:0px;--awb-padding-top:80px;--awb-padding-bottom:5px;--awb-flex-wrap:wrap;\" ><div class=\"fusion-builder-row fusion-row\"><div class=\"fusion-layout-column fusion_builder_column fusion-builder-column-1 fusion_builder_column_1_1 1_1 fusion-one-full fusion-column-first fusion-column-last\" style=\"--awb-bg-size:cover;\"><div class=\"fusion-column-wrapper fusion-flex-column-wrapper-legacy\"><div class=\"fusion-title title fusion-title-3 fusion-sep-none fusion-title-center fusion-title-text fusion-title-size-three\" style=\"--awb-margin-bottom:21px;\"><h3 class=\"fusion-title-heading title-heading-center\" style=\"margin:0;\">Avanc\u00e9es technologiques<\/h3><\/div><div class=\"fusion-clearfix\"><\/div><\/div><\/div><div class=\"fusion-layout-column fusion_builder_column fusion-builder-column-2 fusion_builder_column_1_2 1_2 fusion-one-half fusion-column-first\" style=\"--awb-bg-size:cover;width:50%;width:calc(50% - ( ( 4% ) * 0.5 ) );margin-right: 4%;\"><div class=\"fusion-column-wrapper fusion-flex-column-wrapper-legacy\"><div class=\"fusion-text fusion-text-1\"><p>Depuis le d\u00e9but du 21e si\u00e8cle, les technologies de proth\u00e8ses auditives ont consid\u00e9rablement \u00e9volu\u00e9, ce qui a grandement am\u00e9lior\u00e9 le niveau de satisfaction de nos clients. De nos jours, les technologies \u00e9voluent \u00e0 un rythme tel que le nombre de personnes satisfaites par leur appareil auditif ne cesse d\u2019augmenter. Les proth\u00e8ses auditives sont maintenant en mesure d\u2019analyser les divers sons perceptibles dans votre environnement et de s\u2019y adapter en fonction de la situation.<\/p>\n<\/div><div class=\"fusion-clearfix\"><\/div><\/div><\/div><div class=\"fusion-layout-column fusion_builder_column fusion-builder-column-3 fusion_builder_column_1_2 1_2 fusion-one-half fusion-column-last\" style=\"--awb-bg-size:cover;width:50%;width:calc(50% - ( ( 4% ) * 0.5 ) );\"><div class=\"fusion-column-wrapper fusion-flex-column-wrapper-legacy\"><div class=\"fusion-text fusion-text-2\"><p>Les technologies sans fil ont aussi grandement am\u00e9lior\u00e9 notre capacit\u00e9 \u00e0 aider nos clients, notamment gr\u00e2ce aux divers appareils fonctionnels qui travaillent en conjonction avec les appareils auditifs. Saviez-vous que les fabricants de proth\u00e8ses auditives ont m\u00eame d\u00e9velopp\u00e9 de nouveaux t\u00e9l\u00e9phones qui communiquent directement avec l\u2019appareil auditif? Nous pouvons \u00e9galement vous expliquer la fa\u00e7on dont la connectivit\u00e9 directe entre les t\u00e9l\u00e9visions, les t\u00e9l\u00e9phones intelligents et les microphones \u00e0 distance peut am\u00e9liorer votre audition en situation d\u2019\u00e9coute difficile. L\u2019avancement technologique des appareils auditifs est impressionnant!<\/p>\n<\/div><div class=\"fusion-clearfix\"><\/div><\/div><\/div><\/div><\/div><div class=\"fusion-fullwidth fullwidth-box fusion-builder-row-3 hundred-percent-fullwidth non-hundred-percent-height-scrolling\" style=\"--awb-border-radius-top-left:0px;--awb-border-radius-top-right:0px;--awb-border-radius-bottom-right:0px;--awb-border-radius-bottom-left:0px;--awb-padding-top:30px;--awb-padding-right:0px;--awb-padding-bottom:10px;--awb-padding-left:0px;--awb-margin-bottom:0px;--awb-flex-wrap:wrap;\" ><div class=\"fusion-builder-row fusion-row\"><div class=\"fusion-layout-column fusion_builder_column fusion-builder-column-4 fusion_builder_column_1_1 1_1 fusion-one-full fusion-column-first fusion-column-last\" style=\"--awb-bg-size:cover;\"><div class=\"fusion-column-wrapper fusion-flex-column-wrapper-legacy\"><div class=\"fusion-sep-clear\"><\/div><div class=\"fusion-separator fusion-full-width-sep\" style=\"margin-left: auto;margin-right: auto;width:100%;\"><div class=\"fusion-separator-border sep-single sep-solid\" style=\"--awb-height:20px;--awb-amount:20px;--awb-sep-color:#bcbec0;border-color:#bcbec0;border-top-width:1px;\"><\/div><\/div><div class=\"fusion-sep-clear\"><\/div><div class=\"fusion-clearfix\"><\/div><\/div><\/div><\/div><\/div><div class=\"fusion-fullwidth fullwidth-box fusion-builder-row-4 nonhundred-percent-fullwidth non-hundred-percent-height-scrolling\" style=\"--awb-border-radius-top-left:0px;--awb-border-radius-top-right:0px;--awb-border-radius-bottom-right:0px;--awb-border-radius-bottom-left:0px;--awb-flex-wrap:wrap;\" ><div class=\"fusion-builder-row fusion-row\"><div class=\"fusion-layout-column fusion_builder_column fusion-builder-column-5 fusion_builder_column_1_1 1_1 fusion-one-full fusion-column-first fusion-column-last colored-heading\" style=\"--awb-bg-size:cover;\"><div class=\"fusion-column-wrapper fusion-flex-column-wrapper-legacy\"><div class=\"fusion-title title fusion-title-4 fusion-sep-none fusion-title-center fusion-title-text fusion-title-size-three\" style=\"--awb-margin-bottom:7px;\"><h3 class=\"fusion-title-heading title-heading-center\" style=\"margin:0;\">Les styles d\u2019appareils auditifs<\/h3><\/div><div class=\"fusion-clearfix\"><\/div><\/div><\/div><\/div><\/div><div class=\"fusion-fullwidth fullwidth-box fusion-builder-row-5 hundred-percent-fullwidth non-hundred-percent-height-scrolling fusion-equal-height-columns\" style=\"--awb-border-radius-top-left:0px;--awb-border-radius-top-right:0px;--awb-border-radius-bottom-right:0px;--awb-border-radius-bottom-left:0px;--awb-padding-top:50px;--awb-padding-right:0px;--awb-padding-bottom:70px;--awb-padding-left:0px;--awb-margin-bottom:0px;--awb-background-color:#414042;--awb-flex-wrap:wrap;\" ><div class=\"fusion-builder-row fusion-row\"><div class=\"fusion-layout-column fusion_builder_column fusion-builder-column-6 fusion_builder_column_1_3 1_3 fusion-one-third fusion-column-first hearing-ear-col colored-col border-col \" style=\"--awb-padding-top:0px;--awb-padding-right:65px;--awb-padding-left:65px;--awb-bg-size:cover;--awb-margin-bottom:0px;width:33.333333333333%;width:calc(33.333333333333% - ( ( 0px + 0px ) * 0.33333333333333 ) );margin-right: 0px;\"><div class=\"fusion-column-wrapper fusion-flex-column-wrapper-legacy\"><div class=\"fusion-image-element fusion-image-align-center in-legacy-container\" style=\"text-align:center;--awb-caption-title-font-family:var(--h2_typography-font-family);--awb-caption-title-font-weight:var(--h2_typography-font-weight);--awb-caption-title-font-style:var(--h2_typography-font-style);--awb-caption-title-size:var(--h2_typography-font-size);--awb-caption-title-transform:var(--h2_typography-text-transform);--awb-caption-title-line-height:var(--h2_typography-line-height);--awb-caption-title-letter-spacing:var(--h2_typography-letter-spacing);\"><div class=\"imageframe-align-center\"><span class=\" fusion-imageframe imageframe-none imageframe-1 hover-type-none\"><img decoding=\"async\" width=\"285\" height=\"286\" title=\"behind the ear bite\" src=\"https:\/\/avenirhearing.ca\/wp-content\/uploads\/2018\/09\/behind-the-ear-bite-1.png\" alt class=\"img-responsive wp-image-1405\" srcset=\"https:\/\/avenirhearing.ca\/wp-content\/uploads\/2018\/09\/behind-the-ear-bite-1-200x201.png 200w, https:\/\/avenirhearing.ca\/wp-content\/uploads\/2018\/09\/behind-the-ear-bite-1.png 285w\" sizes=\"(max-width: 800px) 100vw, 285px\" \/><\/span><\/div><\/div><div class=\"fusion-sep-clear\"><\/div><div class=\"fusion-separator fusion-full-width-sep\" style=\"margin-left: auto;margin-right: auto;margin-top:30px;width:100%;\"><\/div><div class=\"fusion-sep-clear\"><\/div><div class=\"fusion-title title fusion-title-5 fusion-sep-none fusion-title-center fusion-title-text fusion-title-size-three\" style=\"--awb-margin-bottom:21px;\"><h3 class=\"fusion-title-heading title-heading-center\" style=\"margin:0;\">Derri\u00e8re l\u2019oreille (BTE)<\/h3><\/div><div class=\"fusion-text fusion-text-3\"><p>De loin le type d\u2019appareil auditif le plus populaire \u00e0 l\u2019heure actuelle, la proth\u00e8se auditive de type derri\u00e8re l\u2019oreille assure un \u00e9quilibre parfait entre la durabilit\u00e9, la fiabilit\u00e9, la performance et le confort. Gr\u00e2ce aux r\u00e9centes avanc\u00e9es technologiques, cette proth\u00e8se est discr\u00e8te et est l\u2019un des plus petits instruments auditifs qui existe.<\/p>\n<p>&#8211; Se porte derri\u00e8re l\u2019oreille<br \/>\n&#8211; Offre une durabilit\u00e9 maximale<br \/>\n&#8211; Offert avec option sans fil<\/p>\n<\/div><div class=\"fusion-clearfix\"><\/div><\/div><\/div><div class=\"fusion-layout-column fusion_builder_column fusion-builder-column-7 fusion_builder_column_1_3 1_3 fusion-one-third hearing-ear-col colored-col border-col \" style=\"--awb-padding-top:0px;--awb-padding-right:65px;--awb-padding-left:65px;--awb-bg-size:cover;--awb-margin-bottom:0px;width:33.333333333333%;width:calc(33.333333333333% - ( ( 0px + 0px ) * 0.33333333333333 ) );margin-right: 0px;\"><div class=\"fusion-column-wrapper fusion-flex-column-wrapper-legacy\"><div class=\"fusion-image-element fusion-image-align-center in-legacy-container\" style=\"text-align:center;--awb-caption-title-font-family:var(--h2_typography-font-family);--awb-caption-title-font-weight:var(--h2_typography-font-weight);--awb-caption-title-font-style:var(--h2_typography-font-style);--awb-caption-title-size:var(--h2_typography-font-size);--awb-caption-title-transform:var(--h2_typography-text-transform);--awb-caption-title-line-height:var(--h2_typography-line-height);--awb-caption-title-letter-spacing:var(--h2_typography-letter-spacing);\"><div class=\"imageframe-align-center\"><span class=\" fusion-imageframe imageframe-none imageframe-2 hover-type-none\"><img decoding=\"async\" width=\"286\" height=\"286\" title=\"in the ear bite\" src=\"https:\/\/avenirhearing.ca\/wp-content\/uploads\/2018\/09\/in-the-ear-bite.png\" alt class=\"img-responsive wp-image-1406\" srcset=\"https:\/\/avenirhearing.ca\/wp-content\/uploads\/2018\/09\/in-the-ear-bite-200x200.png 200w, https:\/\/avenirhearing.ca\/wp-content\/uploads\/2018\/09\/in-the-ear-bite.png 286w\" sizes=\"(max-width: 800px) 100vw, 286px\" \/><\/span><\/div><\/div><div class=\"fusion-sep-clear\"><\/div><div class=\"fusion-separator fusion-full-width-sep\" style=\"margin-left: auto;margin-right: auto;margin-top:30px;width:100%;\"><\/div><div class=\"fusion-sep-clear\"><\/div><div class=\"fusion-title title fusion-title-6 fusion-sep-none fusion-title-center fusion-title-text fusion-title-size-three\" style=\"--awb-margin-bottom:21px;\"><h3 class=\"fusion-title-heading title-heading-center\" style=\"margin:0;\">Intra auriculaire<\/h3><\/div><div class=\"fusion-text fusion-text-4\"><p><span style=\"font-family: Helvetica Neue, serif;\"><span style=\"font-size: medium;\"><span lang=\"fr-CA\">Certains clients qui ne sont pas en mesure de porter le type BTE optent pour le type intraauriculaire. Celui-ci ne rend pas inconfortable le port de lunettes ou de tubes \u00e0 oxyg\u00e8ne, et est d\u2019une taille ad\u00e9quate pour les gens qui ont de la difficult\u00e9 \u00e0 manipuler les petits appareils.<\/span><\/span><\/span><\/p>\n<p>&#8211; Se porte dans l\u2019oreille<br \/>\n&#8211; Est facile \u00e0 manipuler et \u00e0 placer dans l\u2019oreille<br \/>\n&#8211; Certains ITE offrent une connectivit\u00e9 sans fils<\/p>\n<\/div><div class=\"fusion-clearfix\"><\/div><\/div><\/div><div class=\"fusion-layout-column fusion_builder_column fusion-builder-column-8 fusion_builder_column_1_3 1_3 fusion-one-third fusion-column-last colored-col hearing-ear-col\" style=\"--awb-padding-top:0px;--awb-padding-right:65px;--awb-padding-left:65px;--awb-bg-size:cover;--awb-margin-bottom:0px;width:33.333333333333%;width:calc(33.333333333333% - ( ( 0px + 0px ) * 0.33333333333333 ) );\"><div class=\"fusion-column-wrapper fusion-flex-column-wrapper-legacy\"><div class=\"fusion-image-element fusion-image-align-center in-legacy-container\" style=\"text-align:center;--awb-caption-title-font-family:var(--h2_typography-font-family);--awb-caption-title-font-weight:var(--h2_typography-font-weight);--awb-caption-title-font-style:var(--h2_typography-font-style);--awb-caption-title-size:var(--h2_typography-font-size);--awb-caption-title-transform:var(--h2_typography-text-transform);--awb-caption-title-line-height:var(--h2_typography-line-height);--awb-caption-title-letter-spacing:var(--h2_typography-letter-spacing);\"><div class=\"imageframe-align-center\"><span class=\" fusion-imageframe imageframe-none imageframe-3 hover-type-none\"><img decoding=\"async\" width=\"286\" height=\"286\" title=\"completely in the air\" src=\"https:\/\/avenirhearing.ca\/wp-content\/uploads\/2018\/09\/completely-in-the-air.png\" alt class=\"img-responsive wp-image-1407\" srcset=\"https:\/\/avenirhearing.ca\/wp-content\/uploads\/2018\/09\/completely-in-the-air-200x200.png 200w, https:\/\/avenirhearing.ca\/wp-content\/uploads\/2018\/09\/completely-in-the-air.png 286w\" sizes=\"(max-width: 800px) 100vw, 286px\" \/><\/span><\/div><\/div><div class=\"fusion-sep-clear\"><\/div><div class=\"fusion-separator fusion-full-width-sep\" style=\"margin-left: auto;margin-right: auto;margin-top:30px;width:100%;\"><\/div><div class=\"fusion-sep-clear\"><\/div><div class=\"fusion-title title fusion-title-7 fusion-sep-none fusion-title-center fusion-title-text fusion-title-size-three\" style=\"--awb-margin-bottom:21px;\"><h3 class=\"fusion-title-heading title-heading-center\" style=\"margin:0;\">Intracanal (CIC)<\/h3><\/div><div class=\"fusion-text fusion-text-5\"><p>Le type intracanal est recommand\u00e9 pour ceux qui d\u00e9sirent avoir l\u2019appareil auditif le plus petit et discret possible. La visibilit\u00e9 de l\u2019appareil d\u00e9pend enti\u00e8rement de la longueur du conduit auditif du client, qui d\u00e9terminera la profondeur \u00e0 laquelle nous serons en mesure d\u2019installer le CIC.<\/p>\n<p>&#8211; Se porte dans l\u2019oreille<br \/>\n&#8211; Extr\u00eamement discret. Profite de la forme naturelle de l\u2019oreille externe pour l\u2019amplification<br \/>\n&#8211; R\u00e9duit le bruit du vent<\/p>\n<\/div><div class=\"fusion-clearfix\"><\/div><\/div><\/div><\/div><\/div><div class=\"fusion-fullwidth fullwidth-box fusion-builder-row-6 fusion-parallax-none nonhundred-percent-fullwidth non-hundred-percent-height-scrolling\" style=\"--awb-border-radius-top-left:0px;--awb-border-radius-top-right:0px;--awb-border-radius-bottom-right:0px;--awb-border-radius-bottom-left:0px;--awb-padding-top:50px;--awb-padding-bottom:50px;--awb-background-image:url(&quot;https:\/\/avenirhearing.ca\/wp-content\/uploads\/2018\/10\/ecreen-bg-2-1024x560.jpg&quot;);--awb-background-size:cover;--awb-flex-wrap:wrap;\" ><div class=\"fusion-builder-row fusion-row\"><div class=\"fusion-layout-column fusion_builder_column fusion-builder-column-9 fusion_builder_column_1_1 1_1 fusion-one-full fusion-column-first fusion-column-last\" style=\"--awb-bg-size:cover;\"><div class=\"fusion-column-wrapper fusion-flex-column-wrapper-legacy\"><div class=\"fusion-text fusion-text-6\"><p style=\"text-align: center; color: #fff; text-transform: uppercase; letter-spacing: 2px; font-weight: bold; font-size: 26px; padding-top: 30px; margin-bottom: 24px;\">Compl\u00e9tez gratuitement notre test auditif en ligne<\/p>\n<\/div><div class=\"fusion-aligncenter\"><a class=\"fusion-button button-flat button-xlarge button-default fusion-button-default button-1 fusion-button-default-span fusion-button-default-type\" style=\"--button_text_transform:uppercase;\" target=\"_self\" href=\"https:\/\/avenirhearing.ca\/fr\/escreener-hearing-test\/\"><span class=\"fusion-button-text awb-button__text awb-button__text--default\">Commencez<\/span><\/a><\/div><div class=\"fusion-clearfix\"><\/div><\/div><\/div><\/div><\/div><div class=\"fusion-fullwidth fullwidth-box fusion-builder-row-7 rent hundred-percent-fullwidth non-hundred-percent-height-scrolling fusion-equal-height-columns\" style=\"--awb-border-radius-top-left:0px;--awb-border-radius-top-right:0px;--awb-border-radius-bottom-right:0px;--awb-border-radius-bottom-left:0px;--awb-padding-right:0px;--awb-padding-left:0px;--awb-background-color:#fd664b;--awb-flex-wrap:wrap;\" ><div class=\"fusion-builder-row fusion-row\"><div class=\"fusion-layout-column fusion_builder_column fusion-builder-column-10 fusion_builder_column_2_5 2_5 fusion-two-fifth fusion-column-first\" style=\"--awb-bg-image:url(&#039;https:\/\/avenirhearing.ca\/wp-content\/uploads\/2018\/09\/CTA-img.jpg&#039;);--awb-bg-position:center center;--awb-bg-size:cover;--awb-margin-bottom:0px;width:40%;width:calc(40% - ( ( 0 ) * 0.4 ) );margin-right: 0px;\"><div class=\"fusion-column-wrapper fusion-flex-column-wrapper-legacy fusion-empty-column-bg-image fusion-column-has-bg-image\" data-bg-url=\"https:\/\/avenirhearing.ca\/wp-content\/uploads\/2018\/09\/CTA-img.jpg\"><img decoding=\"async\" class=\"fusion-empty-dims-img-placeholder fusion-no-large-visibility\" aria-label=\"CTA img\" src=\"data:image\/svg+xml,%3Csvg%20xmlns%3D%27http%3A%2F%2Fwww.w3.org%2F2000%2Fsvg%27%20width%3D%27598%27%20height%3D%27333%27%20viewBox%3D%270%200%20598%20333%27%3E%3Crect%20width%3D%27598%27%20height%3D%27333%27%20fill-opacity%3D%220%22%2F%3E%3C%2Fsvg%3E\"><div class=\"fusion-clearfix\"><\/div><\/div><\/div><div class=\"fusion-layout-column fusion_builder_column fusion-builder-column-11 fusion_builder_column_3_5 3_5 fusion-three-fifth fusion-column-last\" style=\"--awb-padding-top:50px;--awb-padding-right:30px;--awb-padding-bottom:50px;--awb-padding-left:50px;--awb-bg-size:cover;--awb-margin-bottom:0px;width:60%;width:calc(60% - ( ( 0 ) * 0.6 ) );\"><div class=\"fusion-column-wrapper fusion-flex-column-wrapper-legacy\"><div class=\"fusion-title title fusion-title-8 fusion-sep-none fusion-title-text fusion-title-size-three\"><h3 class=\"fusion-title-heading title-heading-left\" style=\"margin:0;\">Louez des nouveaux appareils auditifs<\/h3><\/div><div class=\"fusion-text fusion-text-7\"><p>Appelez aujourd\u2019hui au (888) 235.3843 ou visitez nos cliniques<\/p>\n<\/div><div class=\"fusion-clearfix\"><\/div><\/div><\/div><\/div><\/div><\/p>\n","protected":false},"excerpt":{"rendered":"","protected":false},"author":1,"featured_media":0,"parent":0,"menu_order":0,"comment_status":"closed","ping_status":"closed","template":"100-width.php","meta":{"content-type":"","om_disable_all_campaigns":false,"_monsterinsights_skip_tracking":false,"_monsterinsights_sitenote_active":false,"_monsterinsights_sitenote_note":"","_monsterinsights_sitenote_category":0,"_uf_show_specific_survey":0,"_uf_disable_surveys":false,"footnotes":""},"class_list":["post-605","page","type-page","status-publish","hentry"],"aioseo_notices":[],"_links":{"self":[{"href":"https:\/\/avenirhearing.ca\/fr\/wp-json\/wp\/v2\/pages\/605","targetHints":{"allow":["GET"]}}],"collection":[{"href":"https:\/\/avenirhearing.ca\/fr\/wp-json\/wp\/v2\/pages"}],"about":[{"href":"https:\/\/avenirhearing.ca\/fr\/wp-json\/wp\/v2\/types\/page"}],"author":[{"embeddable":true,"href":"https:\/\/avenirhearing.ca\/fr\/wp-json\/wp\/v2\/users\/1"}],"replies":[{"embeddable":true,"href":"https:\/\/avenirhearing.ca\/fr\/wp-json\/wp\/v2\/comments?post=605"}],"version-history":[{"count":5,"href":"https:\/\/avenirhearing.ca\/fr\/wp-json\/wp\/v2\/pages\/605\/revisions"}],"predecessor-version":[{"id":1011,"href":"https:\/\/avenirhearing.ca\/fr\/wp-json\/wp\/v2\/pages\/605\/revisions\/1011"}],"wp:attachment":[{"href":"https:\/\/avenirhearing.ca\/fr\/wp-json\/wp\/v2\/media?parent=605"}],"curies":[{"name":"wp","href":"https:\/\/api.w.org\/{rel}","templated":true}]}}